{"id":51,"date":"2022-11-11T11:54:12","date_gmt":"2022-11-11T11:54:12","guid":{"rendered":"https:\/\/feria.clickautos.es\/landing\/home\/"},"modified":"2022-11-24T08:16:22","modified_gmt":"2022-11-24T08:16:22","slug":"inicio","status":"publish","type":"page","link":"https:\/\/feria.clickautos.es\/landing\/","title":{"rendered":"ClickAutos"},"content":{"rendered":"\n<p class=\"has-text-align-center\"><style>\/*! elementor - v3.8.0 - 30-10-2022 *\/&amp;amp;amp;lt;br \/> .elementor-widget-image{text-align:center}.elementor-widget-image a{display:inline-block}.elementor-widget-image a img[src$=\".svg\"]{width:48px}.elementor-widget-image img{vertical-align:middle;display:inline-block}<\/style><img decoding=\"async\" loading=\"lazy\" width=\"500\" height=\"524\" class=\"wp-image-178\" style=\"width: 500px;\" src=\"https:\/\/feria.clickautos.es\/landing\/wp-content\/uploads\/2022\/11\/black-friday-oferta-coches-clickautos.png\" alt=\"\" srcset=\"https:\/\/feria.clickautos.es\/landing\/wp-content\/uploads\/2022\/11\/black-friday-oferta-coches-clickautos.png 500w, https:\/\/feria.clickautos.es\/landing\/wp-content\/uploads\/2022\/11\/black-friday-oferta-coches-clickautos-286x300.png 286w\" sizes=\"(max-width: 500px) 100vw, 500px\" \/><a role=\"button\" href=\"http:\/\/feria.clickautos.es\"><br><\/a><style>\/*! elementor - v3.8.0 - 30-10-2022 *\/&amp;amp;amp;amp;amp;amp;amp;lt;br \/> .elementor-heading-title{padding:0;margin:0;line-height:1}.elementor-widget-heading .elementor-heading-title[class*=elementor-size-]>a{color:inherit;font-size:inherit;line-height:inherit}.elementor-widget-heading .elementor-heading-title.elementor-size-small{font-size:15px}.elementor-widget-heading .elementor-heading-title.elementor-size-medium{font-size:19px}.elementor-widget-heading .elementor-heading-title.elementor-size-large{font-size:29px}.elementor-widget-heading .elementor-heading-title.elementor-size-xl{font-size:39px}.elementor-widget-heading .elementor-heading-title.elementor-size-xxl{font-size:59px}<\/style><\/p>\n\n\n\n<h2>\u00bfPorqu\u00e9 ClickAutos?<\/h2>\n\n\n\n<p>Entrega Inmediata, Financiaci\u00f3n, +5000 Veh\u00edculos y Grandes Descuentos<style>\/*! elementor - v3.8.0 - 30-10-2022 *\/&lt;br \/> .elementor-column .elementor-spacer-inner{height:var(--spacer-size)}.e-con{--container-widget-width:100%}.e-con-inner>.elementor-widget-spacer,.e-con>.elementor-widget-spacer{width:var(--container-widget-width,var(--spacer-size));-ms-flex-item-align:stretch;align-self:stretch;-ms-flex-negative:0;flex-shrink:0}.e-con-inner>.elementor-widget-spacer>.elementor-widget-container,.e-con-inner>.elementor-widget-spacer>.elementor-widget-container>.elementor-spacer,.e-con>.elementor-widget-spacer>.elementor-widget-container,.e-con>.elementor-widget-spacer>.elementor-widget-container>.elementor-spacer{height:100%}.e-con-inner>.elementor-widget-spacer>.elementor-widget-container>.elementor-spacer>.elementor-spacer-inner,.e-con>.elementor-widget-spacer>.elementor-widget-container>.elementor-spacer>.elementor-spacer-inner{height:var(--container-widget-height,var(--spacer-size))}<\/style><\/p>\n\n\n\n<h2>\u00bfC\u00f3mo? \u00a1Pide Cita ya!<\/h2>\n\n\n\n<div class=\"is-layout-constrained wp-block-group alignwide\"><div class=\"wp-block-group__inner-container\">\n<div class=\"is-layout-flex wp-container-2 wp-block-columns are-vertically-aligned-center\">\n<div class=\"is-layout-flow wp-block-column is-vertically-aligned-center\" style=\"flex-basis:100%\">\n<div class=\"wp-block-contact-form-7-contact-form-selector\"><div role=\"form\" class=\"wpcf7\" id=\"wpcf7-f13-o1\" lang=\"es-ES\" dir=\"ltr\">\n<div class=\"screen-reader-response\"><p role=\"status\" aria-live=\"polite\" aria-atomic=\"true\"><\/p> <ul><\/ul><\/div>\n<form action=\"\/landing\/wp-json\/wp\/v2\/pages\/51#wpcf7-f13-o1\" method=\"post\" class=\"wpcf7-form init\" novalidate=\"novalidate\" data-status=\"init\">\n<div style=\"display: none;\">\n<input type=\"hidden\" name=\"_wpcf7\" value=\"13\" \/>\n<input type=\"hidden\" name=\"_wpcf7_version\" value=\"5.6.4\" \/>\n<input type=\"hidden\" name=\"_wpcf7_locale\" value=\"es_ES\" \/>\n<input type=\"hidden\" name=\"_wpcf7_unit_tag\" value=\"wpcf7-f13-o1\" \/>\n<input type=\"hidden\" name=\"_wpcf7_container_post\" value=\"0\" \/>\n<input type=\"hidden\" name=\"_wpcf7_posted_data_hash\" value=\"\" \/>\n<\/div>\n<p><label> Tu nombre y apellidos<br \/>\n    <span class=\"wpcf7-form-control-wrap\" data-name=\"your-name\"><input type=\"text\" name=\"your-name\" value=\"\" size=\"40\" class=\"wpcf7-form-control wpcf7-text wpcf7-validates-as-required\" aria-required=\"true\" aria-invalid=\"false\" \/><\/span> <\/label><\/p>\n<p><label style=\"padding-top:20px;\"> Tu correo electr\u00f3nico<br \/>\n    <span class=\"wpcf7-form-control-wrap\" data-name=\"your-email\"><input type=\"email\" name=\"your-email\" value=\"\" size=\"40\" class=\"wpcf7-form-control wpcf7-text wpcf7-email wpcf7-validates-as-required wpcf7-validates-as-email\" aria-required=\"true\" aria-invalid=\"false\" \/><\/span> <\/label><\/p>\n<p><label style=\"padding-top:20px;\"> Tu n\u00famero de tel\u00e9fono<br \/>\n    <span class=\"wpcf7-form-control-wrap\" data-name=\"your-movil\"><input type=\"text\" name=\"your-movil\" value=\"\" size=\"40\" class=\"wpcf7-form-control wpcf7-text wpcf7-validates-as-required\" aria-required=\"true\" aria-invalid=\"false\" \/><\/span> <\/label><\/p>\n<p><label style=\"padding-top:20px;\"> \u00bfQue coche quieres?<br \/>\n    <span class=\"wpcf7-form-control-wrap\" data-name=\"your-coche\"><input type=\"text\" name=\"your-coche\" value=\"\" size=\"40\" class=\"wpcf7-form-control wpcf7-text wpcf7-validates-as-required\" aria-required=\"true\" aria-invalid=\"false\" \/><\/span> <\/label><\/p>\n<p><label> \u00bfEn qu\u00e9 ubicaci\u00f3n quieres ser atendido?<br \/>\n<span class=\"wpcf7-form-control-wrap\" data-name=\"menu-ubicaciones\"><select name=\"menu-ubicaciones\" class=\"wpcf7-form-control wpcf7-select wpcf7-validates-as-required\" aria-required=\"true\" aria-invalid=\"false\"><option value=\"Valencia\">Valencia<\/option><option value=\"Alicante\">Alicante<\/option><option value=\"M\u00e1laga\">M\u00e1laga<\/option><option value=\"Mallorca\">Mallorca<\/option><option value=\"Ibiza\">Ibiza<\/option><option value=\"Menorca\">Menorca<\/option><\/select><\/span><\/label><\/p>\n<p><label> Rango de precios<br \/>\n<span class=\"wpcf7-form-control-wrap\" data-name=\"menu-precios\"><select name=\"menu-precios\" class=\"wpcf7-form-control wpcf7-select wpcf7-validates-as-required\" aria-required=\"true\" aria-invalid=\"false\"><option value=\"3.000\u20ac - 10.000\u20ac\">3.000\u20ac - 10.000\u20ac<\/option><option value=\"10.000\u20ac - 20.000\u20ac\">10.000\u20ac - 20.000\u20ac<\/option><option value=\"20.000\u20ac - 30.000\u20ac\">20.000\u20ac - 30.000\u20ac<\/option><option value=\"30.000\u20ac - 50.000\u20ac\">30.000\u20ac - 50.000\u20ac<\/option><\/select><\/span><\/label><\/p>\n<p><label style=\"padding-top:20px; float:left;\"> Fecha de cita<br \/>\n    <span class=\"wpcf7-form-control-wrap\" data-name=\"menu-fecha-cita\"><select name=\"menu-fecha-cita\" class=\"wpcf7-form-control wpcf7-select wpcf7-validates-as-required\" aria-required=\"true\" aria-invalid=\"false\"><option value=\"Viernes 25 Noviembre\">Viernes 25 Noviembre<\/option><option value=\"S\u00e1bado 26 Noviembre\">S\u00e1bado 26 Noviembre<\/option><\/select><\/span> <\/label><\/p>\n<p><label style=\"padding-top:20px; padding-left:20px; float:left;\"> Hora de cita<br \/>\n<span class=\"wpcf7-form-control-wrap\" data-name=\"menu-hora-cita\"><select name=\"menu-hora-cita\" class=\"wpcf7-form-control wpcf7-select wpcf7-validates-as-required\" aria-required=\"true\" aria-invalid=\"false\"><option value=\"10:00h - 12:00h\">10:00h - 12:00h<\/option><option value=\"12:00h - 14:00h\">12:00h - 14:00h<\/option><option value=\"16:00h - 18:00h\">16:00h - 18:00h<\/option><\/select><\/span><\/label><\/p>\n<p><br\/><\/p>\n<div style=\"margin-top:75px;\">\n<input type=\"submit\" value=\"Enviar\" class=\"wpcf7-form-control has-spinner wpcf7-submit\" \/>\n<\/div>\n<div class=\"wpcf7-response-output\" aria-hidden=\"true\"><\/div><\/form><\/div><\/div>\n<\/div>\n<\/div>\n<\/div><\/div>\n","protected":false},"excerpt":{"rendered":"<p>\u00bfPorqu\u00e9 ClickAutos? Entrega Inmediata, Financiaci\u00f3n, +5000 Veh\u00edculos y Grandes Descuentos \u00bfC\u00f3mo? \u00a1Pide Cita ya!<\/p>\n","protected":false},"author":1,"featured_media":0,"parent":0,"menu_order":0,"comment_status":"closed","ping_status":"closed","template":"","meta":[],"_links":{"self":[{"href":"https:\/\/feria.clickautos.es\/landing\/wp-json\/wp\/v2\/pages\/51"}],"collection":[{"href":"https:\/\/feria.clickautos.es\/landing\/wp-json\/wp\/v2\/pages"}],"about":[{"href":"https:\/\/feria.clickautos.es\/landing\/wp-json\/wp\/v2\/types\/page"}],"author":[{"embeddable":true,"href":"https:\/\/feria.clickautos.es\/landing\/wp-json\/wp\/v2\/users\/1"}],"replies":[{"embeddable":true,"href":"https:\/\/feria.clickautos.es\/landing\/wp-json\/wp\/v2\/comments?post=51"}],"version-history":[{"count":54,"href":"https:\/\/feria.clickautos.es\/landing\/wp-json\/wp\/v2\/pages\/51\/revisions"}],"predecessor-version":[{"id":185,"href":"https:\/\/feria.clickautos.es\/landing\/wp-json\/wp\/v2\/pages\/51\/revisions\/185"}],"wp:attachment":[{"href":"https:\/\/feria.clickautos.es\/landing\/wp-json\/wp\/v2\/media?parent=51"}],"curies":[{"name":"wp","href":"https:\/\/api.w.org\/{rel}","templated":true}]}}